{"id":3576,"date":"2019-10-12T02:04:27","date_gmt":"2019-10-12T00:04:27","guid":{"rendered":"https:\/\/www.wpcarrental.com\/terminos-de-uso\/"},"modified":"2019-10-12T02:04:27","modified_gmt":"2019-10-12T00:04:27","slug":"terminos-de-uso","status":"publish","type":"page","link":"https:\/\/www.wpcarrental.com\/es\/terminos-de-uso\/","title":{"rendered":"T\u00e9rminos de Uso"},"content":{"rendered":"<h1> T\u00e9rminos y condiciones (\u00abT\u00e9rminos\u00bb) <\/h1>\n<p>Lea estos T\u00e9rminos y condiciones (\u00abT\u00e9rminos\u00bb, \u00abT\u00e9rminos y condiciones\u00bb) detenidamente antes de utilizar el sitio web http:\/\/www.wpcarrental.com (el \u00abServicio\u00bb) operado por WP Car Rental (\u00abnosotros\u00bb, \u00abnosotros\u00bb o \u00abnuestro\u00bb).<\/p>\n<p>Su acceso y uso del Servicio est\u00e1 condicionado a su aceptaci\u00f3n y cumplimiento de estos T\u00e9rminos. Estos T\u00e9rminos se aplican a todos los visitantes, usuarios y otras personas que acceden o utilizan el Servicio.<\/p>\n<p>Al acceder o utilizar el Servicio, usted acepta estar sujeto a estos T\u00e9rminos. Si no est\u00e1 de acuerdo con alguna parte de los t\u00e9rminos, no podr\u00e1 acceder al Servicio.<\/p>\n<h2> Cuentas <\/h2>\n<p>Cuando crea una cuenta con nosotros, debe proporcionarnos informaci\u00f3n precisa, completa y actualizada en todo momento. No hacerlo constituye una violaci\u00f3n de los T\u00e9rminos, lo que puede resultar en la terminaci\u00f3n inmediata de su cuenta en nuestro Servicio.<\/p>\n<p>Usted es responsable de salvaguardar la contrase\u00f1a que utiliza para acceder al Servicio y de cualquier actividad o acci\u00f3n bajo su contrase\u00f1a, ya sea que se encuentre en nuestro Servicio o en un servicio de un tercero.<\/p>\n<p>Usted acepta no revelar su contrase\u00f1a a ning\u00fan tercero. Debe notificarnos de inmediato al darse cuenta de cualquier violaci\u00f3n de seguridad o uso no autorizado de su cuenta.<\/p>\n<h2> Compras <\/h2>\n<p>Las compras no son reembolsables. La licencia incluye 6 meses de soporte de entradas, que se pueden renovar en cualquier momento. La licencia puede ser utilizada, por usted o por un cliente, en un <strong> \u00fanico <\/strong> producto final por el que se puede cobrar a los usuarios finales.<\/p>\n<h2> Enlaces a otros sitios web <\/h2>\n<p>Nuestro Servicio puede contener enlaces a sitios web de terceros o servicios que no son propiedad ni est\u00e1n controlados por WP Car Rental.<\/p>\n<p>WP Car Rental no tiene control ni asume responsabilidad por el contenido, las pol\u00edticas de privacidad o las pr\u00e1cticas de sitios web o servicios de terceros. Adem\u00e1s, reconoce y acepta que WP Car Rental no ser\u00e1 responsable, directa o indirectamente, por cualquier da\u00f1o o p\u00e9rdida causada o presuntamente causada por o en relaci\u00f3n con el uso o la dependencia de dicho contenido, bienes o servicios disponibles en oa trav\u00e9s de dichos sitios web o servicios.<\/p>\n<p>Le recomendamos encarecidamente que lea los t\u00e9rminos y condiciones y las pol\u00edticas de privacidad de los sitios web o servicios de terceros que visite.<\/p>\n<h2> Terminaci\u00f3n <\/h2>\n<p>Podemos rescindir o suspender el acceso a nuestro Servicio de inmediato, sin previo aviso ni responsabilidad, por cualquier motivo, incluso sin limitaci\u00f3n si usted incumple los T\u00e9rminos.<\/p>\n<p>Todas las disposiciones de los T\u00e9rminos que, por su naturaleza, deber\u00edan sobrevivir a la terminaci\u00f3n, seguir\u00e1n vigentes, incluidas, entre otras, las disposiciones de propiedad, las renuncias de garant\u00eda, la indemnizaci\u00f3n y las limitaciones de responsabilidad.<\/p>\n<p>Podemos cancelar o suspender su cuenta de inmediato, sin previo aviso o responsabilidad, por cualquier motivo, incluyendo, entre otros, si usted no cumple con los T\u00e9rminos.<\/p>\n<p>Al finalizar, su derecho a utilizar el Servicio cesar\u00e1 inmediatamente. Si desea cancelar su cuenta, simplemente puede dejar de usar el Servicio.<\/p>\n<p>Todas las disposiciones de los T\u00e9rminos que, por su naturaleza, deber\u00edan sobrevivir a la terminaci\u00f3n, seguir\u00e1n vigentes, incluidas, entre otras, las disposiciones de propiedad, las renuncias de garant\u00eda, la indemnizaci\u00f3n y las limitaciones de responsabilidad.<\/p>\n<h2> Ley aplicable <\/h2>\n<p>Estos T\u00e9rminos se regir\u00e1n e interpretar\u00e1n de conformidad con las leyes de Espa\u00f1a, sin tener en cuenta sus disposiciones sobre conflictos de leyes.<\/p>\n<p>Nuestro incumplimiento de cualquier derecho o disposici\u00f3n de estos T\u00e9rminos no se considerar\u00e1 una renuncia a esos derechos. Si alguna disposici\u00f3n de estos T\u00e9rminos se considera inv\u00e1lida o inaplicable por un tribunal, las disposiciones restantes de estos T\u00e9rminos seguir\u00e1n vigentes. Estos T\u00e9rminos constituyen el acuerdo completo entre nosotros con respecto a nuestro Servicio, y reemplazan y reemplazan cualquier acuerdo anterior que podamos tener entre nosotros con respecto al Servicio.<\/p>\n<h2> Cambios <\/h2>\n<p>Nos reservamos el derecho, a nuestro exclusivo criterio, de modificar o reemplazar estos T\u00e9rminos en cualquier momento. Si una revisi\u00f3n es material, intentaremos proporcionar un aviso de al menos 30 d\u00edas antes de que entren en vigencia los nuevos t\u00e9rminos. Lo que constituye un cambio material se determinar\u00e1 a nuestro exclusivo criterio.<\/p>\n<p>Al continuar accediendo o utilizando nuestro Servicio despu\u00e9s de que esas revisiones entren en vigencia, usted acepta estar sujeto a los t\u00e9rminos revisados. Si no est\u00e1 de acuerdo con los nuevos t\u00e9rminos, deje de usar el Servicio.<\/p>\n<h2> Cont\u00e1ctenos <\/h2>\n<p>Si tiene alguna pregunta sobre estos T\u00e9rminos, <a href=\"http:\/\/www.wpcarrental.com\/contact-us\/\"> cont\u00e1ctenos <\/a>.<\/p>\n<p>\u00daltima actualizaci\u00f3n: 26 de julio de 2019<\/p>\n","protected":false},"excerpt":{"rendered":"<p>T\u00e9rminos y condiciones (\u00abT\u00e9rminos\u00bb) Lea estos T\u00e9rminos y condiciones (\u00abT\u00e9rminos\u00bb, \u00abT\u00e9rminos y condiciones\u00bb) detenidamente antes de utilizar el sitio web http:\/\/www.wpcarrental.com (el \u00abServicio\u00bb) operado por WP Car Rental (\u00abnosotros\u00bb, \u00abnosotros\u00bb o \u00abnuestro\u00bb). Su acceso y uso del Servicio est\u00e1 condicionado a su aceptaci\u00f3n y cumplimiento de estos T\u00e9rminos. Estos T\u00e9rminos se aplican a todos los [&hellip;]<\/p>\n","protected":false},"author":1,"featured_media":0,"parent":0,"menu_order":0,"comment_status":"closed","ping_status":"closed","template":"","meta":{"footnotes":""},"class_list":["post-3576","page","type-page","status-publish","hentry"],"yoast_head":"<!-- This site is optimized with the Yoast SEO plugin v27.5 - https:\/\/yoast.com\/product\/yoast-seo-wordpress\/ -->\n<title>T\u00e9rminos de Uso - WP Car Rental<\/title>\n<meta name=\"robots\" content=\"index, follow, max-snippet:-1, max-image-preview:large, max-video-preview:-1\" \/>\n<link rel=\"canonical\" href=\"https:\/\/www.wpcarrental.com\/es\/terminos-de-uso\/\" \/>\n<meta property=\"og:locale\" content=\"es_ES\" \/>\n<meta property=\"og:type\" content=\"article\" \/>\n<meta property=\"og:title\" content=\"T\u00e9rminos de Uso - WP Car Rental\" \/>\n<meta property=\"og:description\" content=\"T\u00e9rminos y condiciones (\u00abT\u00e9rminos\u00bb) Lea estos T\u00e9rminos y condiciones (\u00abT\u00e9rminos\u00bb, \u00abT\u00e9rminos y condiciones\u00bb) detenidamente antes de utilizar el sitio web http:\/\/www.wpcarrental.com (el \u00abServicio\u00bb) operado por WP Car Rental (\u00abnosotros\u00bb, \u00abnosotros\u00bb o \u00abnuestro\u00bb). Su acceso y uso del Servicio est\u00e1 condicionado a su aceptaci\u00f3n y cumplimiento de estos T\u00e9rminos. Estos T\u00e9rminos se aplican a todos los [&hellip;]\" \/>\n<meta property=\"og:url\" content=\"https:\/\/www.wpcarrental.com\/es\/terminos-de-uso\/\" \/>\n<meta property=\"og:site_name\" content=\"WP Car Rental\" \/>\n<meta name=\"twitter:card\" content=\"summary_large_image\" \/>\n<meta name=\"twitter:label1\" content=\"Tiempo de lectura\" \/>\n\t<meta name=\"twitter:data1\" content=\"4 minutos\" \/>\n<script type=\"application\/ld+json\" class=\"yoast-schema-graph\">{\"@context\":\"https:\\\/\\\/schema.org\",\"@graph\":[{\"@type\":\"WebPage\",\"@id\":\"https:\\\/\\\/www.wpcarrental.com\\\/es\\\/terminos-de-uso\\\/\",\"url\":\"https:\\\/\\\/www.wpcarrental.com\\\/es\\\/terminos-de-uso\\\/\",\"name\":\"T\u00e9rminos de Uso - WP Car Rental\",\"isPartOf\":{\"@id\":\"https:\\\/\\\/www.wpcarrental.com\\\/es\\\/#website\"},\"datePublished\":\"2019-10-12T00:04:27+00:00\",\"breadcrumb\":{\"@id\":\"https:\\\/\\\/www.wpcarrental.com\\\/es\\\/terminos-de-uso\\\/#breadcrumb\"},\"inLanguage\":\"es\",\"potentialAction\":[{\"@type\":\"ReadAction\",\"target\":[\"https:\\\/\\\/www.wpcarrental.com\\\/es\\\/terminos-de-uso\\\/\"]}]},{\"@type\":\"BreadcrumbList\",\"@id\":\"https:\\\/\\\/www.wpcarrental.com\\\/es\\\/terminos-de-uso\\\/#breadcrumb\",\"itemListElement\":[{\"@type\":\"ListItem\",\"position\":1,\"name\":\"Home\",\"item\":\"https:\\\/\\\/www.wpcarrental.com\\\/es\\\/\"},{\"@type\":\"ListItem\",\"position\":2,\"name\":\"T\u00e9rminos de Uso\"}]},{\"@type\":\"WebSite\",\"@id\":\"https:\\\/\\\/www.wpcarrental.com\\\/es\\\/#website\",\"url\":\"https:\\\/\\\/www.wpcarrental.com\\\/es\\\/\",\"name\":\"WP Car Rental\",\"description\":\"Car Rental Wordpress Theme\",\"potentialAction\":[{\"@type\":\"SearchAction\",\"target\":{\"@type\":\"EntryPoint\",\"urlTemplate\":\"https:\\\/\\\/www.wpcarrental.com\\\/es\\\/?s={search_term_string}\"},\"query-input\":{\"@type\":\"PropertyValueSpecification\",\"valueRequired\":true,\"valueName\":\"search_term_string\"}}],\"inLanguage\":\"es\"}]}<\/script>\n<!-- \/ Yoast SEO plugin. -->","yoast_head_json":{"title":"T\u00e9rminos de Uso - WP Car Rental","robots":{"index":"index","follow":"follow","max-snippet":"max-snippet:-1","max-image-preview":"max-image-preview:large","max-video-preview":"max-video-preview:-1"},"canonical":"https:\/\/www.wpcarrental.com\/es\/terminos-de-uso\/","og_locale":"es_ES","og_type":"article","og_title":"T\u00e9rminos de Uso - WP Car Rental","og_description":"T\u00e9rminos y condiciones (\u00abT\u00e9rminos\u00bb) Lea estos T\u00e9rminos y condiciones (\u00abT\u00e9rminos\u00bb, \u00abT\u00e9rminos y condiciones\u00bb) detenidamente antes de utilizar el sitio web http:\/\/www.wpcarrental.com (el \u00abServicio\u00bb) operado por WP Car Rental (\u00abnosotros\u00bb, \u00abnosotros\u00bb o \u00abnuestro\u00bb). Su acceso y uso del Servicio est\u00e1 condicionado a su aceptaci\u00f3n y cumplimiento de estos T\u00e9rminos. Estos T\u00e9rminos se aplican a todos los [&hellip;]","og_url":"https:\/\/www.wpcarrental.com\/es\/terminos-de-uso\/","og_site_name":"WP Car Rental","twitter_card":"summary_large_image","twitter_misc":{"Tiempo de lectura":"4 minutos"},"schema":{"@context":"https:\/\/schema.org","@graph":[{"@type":"WebPage","@id":"https:\/\/www.wpcarrental.com\/es\/terminos-de-uso\/","url":"https:\/\/www.wpcarrental.com\/es\/terminos-de-uso\/","name":"T\u00e9rminos de Uso - WP Car Rental","isPartOf":{"@id":"https:\/\/www.wpcarrental.com\/es\/#website"},"datePublished":"2019-10-12T00:04:27+00:00","breadcrumb":{"@id":"https:\/\/www.wpcarrental.com\/es\/terminos-de-uso\/#breadcrumb"},"inLanguage":"es","potentialAction":[{"@type":"ReadAction","target":["https:\/\/www.wpcarrental.com\/es\/terminos-de-uso\/"]}]},{"@type":"BreadcrumbList","@id":"https:\/\/www.wpcarrental.com\/es\/terminos-de-uso\/#breadcrumb","itemListElement":[{"@type":"ListItem","position":1,"name":"Home","item":"https:\/\/www.wpcarrental.com\/es\/"},{"@type":"ListItem","position":2,"name":"T\u00e9rminos de Uso"}]},{"@type":"WebSite","@id":"https:\/\/www.wpcarrental.com\/es\/#website","url":"https:\/\/www.wpcarrental.com\/es\/","name":"WP Car Rental","description":"Car Rental Wordpress Theme","potentialAction":[{"@type":"SearchAction","target":{"@type":"EntryPoint","urlTemplate":"https:\/\/www.wpcarrental.com\/es\/?s={search_term_string}"},"query-input":{"@type":"PropertyValueSpecification","valueRequired":true,"valueName":"search_term_string"}}],"inLanguage":"es"}]}},"_links":{"self":[{"href":"https:\/\/www.wpcarrental.com\/es\/wp-json\/wp\/v2\/pages\/3576","targetHints":{"allow":["GET"]}}],"collection":[{"href":"https:\/\/www.wpcarrental.com\/es\/wp-json\/wp\/v2\/pages"}],"about":[{"href":"https:\/\/www.wpcarrental.com\/es\/wp-json\/wp\/v2\/types\/page"}],"author":[{"embeddable":true,"href":"https:\/\/www.wpcarrental.com\/es\/wp-json\/wp\/v2\/users\/1"}],"replies":[{"embeddable":true,"href":"https:\/\/www.wpcarrental.com\/es\/wp-json\/wp\/v2\/comments?post=3576"}],"version-history":[{"count":0,"href":"https:\/\/www.wpcarrental.com\/es\/wp-json\/wp\/v2\/pages\/3576\/revisions"}],"wp:attachment":[{"href":"https:\/\/www.wpcarrental.com\/es\/wp-json\/wp\/v2\/media?parent=3576"}],"curies":[{"name":"wp","href":"https:\/\/api.w.org\/{rel}","templated":true}]}}