{"id":3583,"date":"2018-06-23T09:26:10","date_gmt":"2018-06-23T07:26:10","guid":{"rendered":"https:\/\/www.wpcarrental.com\/product\/instalacion\/"},"modified":"2024-02-07T21:54:47","modified_gmt":"2024-02-07T20:54:47","slug":"instalacion","status":"publish","type":"product","link":"https:\/\/www.wpcarrental.com\/es\/producto\/instalacion\/","title":{"rendered":"Instalaci\u00f3n del tema + importaci\u00f3n de contenido de demostraci\u00f3n + asistente de esquema de color"},"content":{"rendered":"<p>NOTAS<\/p>\n<ul>\n<li>Puede optar por completar los detalles de acceso a su instalaci\u00f3n o crear una cuenta de administrador de WordPress con el correo electr\u00f3nico support@wpcarrental.com.<\/li>\n<li>Tambi\u00e9n puede optar por agregar su logotipo y los colores del sitio en el proceso de compra, o enviarlos por correo electr\u00f3nico despu\u00e9s de la compra a <a href=\"mailto: %73uppo%72t@w%70carre%6E%74%61l.c% 6Fm \"> support@wpcarrental.com <\/a><\/li>\n<li>Si la versi\u00f3n de demostraci\u00f3n deseada est\u00e1 utilizando el complemento del Sistema de alquiler de veh\u00edculos, c\u00f3mprelo e inst\u00e1lelo antes de comprar este art\u00edculo.<\/li>\n<\/ul>\n","protected":false},"excerpt":{"rendered":"<p>NOTAS Puede optar por completar los detalles de acceso a su instalaci\u00f3n o crear una cuenta de administrador de WordPress con el correo electr\u00f3nico support@wpcarrental.com. Tambi\u00e9n puede optar por agregar su logotipo y los colores del sitio en el proceso de compra, o enviarlos por correo electr\u00f3nico despu\u00e9s de la compra a support@wpcarrental.com Si la [&hellip;]<\/p>\n","protected":false},"featured_media":3279,"comment_status":"open","ping_status":"closed","template":"","meta":[],"product_brand":[],"product_cat":[75],"product_tag":[],"class_list":{"0":"post-3583","1":"product","2":"type-product","3":"status-publish","4":"has-post-thumbnail","6":"product_cat-extras-es","8":"first","9":"instock","10":"virtual","11":"taxable","12":"purchasable","13":"product-type-simple"},"bundled_by":[],"bundle_stock_status":"instock","bundle_stock_quantity":null,"bundle_virtual":false,"bundle_layout":"","bundle_add_to_cart_form_location":"","bundle_editable_in_cart":false,"bundle_sold_individually_context":"","bundle_item_grouping":"","bundle_min_size":"","bundle_max_size":"","bundle_price":[],"bundled_items":[],"bundle_sell_ids":[],"exclude_global_add_ons":false,"addons":[{"name":"Url del sitio","type":"custom_text","position":0,"required":true,"title_format":"heading","default":"","description_enable":false,"description":"","placeholder_enable":false,"placeholder":"","display":"select","restrictions_type":"any_text","adjust_price":false,"price":"","price_type":"quantity_based","restrictions":true,"min":"1","max":"0","options":[]},{"name":"Demo deseada","type":"multiple_choice","position":1,"required":true,"title_format":"heading","default":"","description_enable":true,"description":"Nota: Si la demostraci\u00f3n deseada est\u00e1 utilizando el Sistema de alquiler de veh\u00edculos, c\u00f3mprelo e inst\u00e1lelo antes de comprar este art\u00edculo.","placeholder_enable":false,"placeholder":"","display":"select","restrictions_type":"any_text","adjust_price":false,"price":"","price_type":"flat_fee","restrictions":false,"min":"0","max":"0","options":[{"label":"Usando car rental system para el sistema de reservas - light","price":"","price_type":"quantity_based","image":0,"visibility":true},{"label":"Usando car rental system para el sistema de reservas - modern","price":"","price_type":"quantity_based","image":0,"visibility":true},{"label":"Usando contact form 7 para solicitud de disponibilidad","price":"","price_type":"quantity_based","image":0,"visibility":true}]},{"name":"Dise\u00f1o de p\u00e1gina de inicio deseado","type":"multiple_choice","position":2,"required":true,"title_format":"heading","default":"","description_enable":true,"description":"D\u00edganos qu\u00e9 dise\u00f1o de p\u00e1gina de inicio le gustar\u00eda usar en su nuevo sitio","placeholder_enable":false,"placeholder":"","display":"select","restrictions_type":"any_text","adjust_price":false,"price":"","price_type":"flat_fee","restrictions":false,"min":"0","max":"0","options":[{"label":"En linea","price":"","price_type":"flat_fee","image":0,"visibility":true},{"label":"Vertical","price":"","price_type":"flat_fee","image":0,"visibility":true},{"label":"Regular","price":"","price_type":"flat_fee","image":0,"visibility":true}]},{"name":"Logo e \u00edcono (opcional)","type":"heading","position":3,"required":false,"title_format":"heading","default":"","description_enable":true,"description":"Si lo desea, puede enviarnos el logotipo y el icono de su empresa para agregarlo a su nuevo sitio.","placeholder_enable":false,"placeholder":"","display":"select","restrictions_type":"any_text","adjust_price":false,"price":"","price_type":"flat_fee","restrictions":false,"min":"0","max":"0","options":[]},{"name":"Logotipo de la empresa (450 px)","type":"file_upload","position":4,"required":false,"title_format":"heading","default":"","description_enable":false,"description":"","placeholder_enable":false,"placeholder":"","display":"select","restrictions_type":"any_text","adjust_price":false,"price":"","price_type":"quantity_based","restrictions":false,"min":"0","max":"0","options":[]},{"name":"\u00cdcono de la empresa (152px)","type":"file_upload","position":5,"required":false,"title_format":"heading","default":"","description_enable":false,"description":"","placeholder_enable":false,"placeholder":"","display":"select","restrictions_type":"any_text","adjust_price":false,"price":"","price_type":"quantity_based","restrictions":false,"min":"0","max":"0","options":[]},{"name":"C\u00f3digo de color primario","type":"custom_text","position":6,"required":false,"title_format":"heading","default":"","description_enable":false,"description":"","placeholder_enable":false,"placeholder":"","display":"select","restrictions_type":"any_text","adjust_price":false,"price":"","price_type":"quantity_based","restrictions":false,"min":"0","max":"0","options":[]},{"name":"C\u00f3digo de color secundario","type":"custom_text","position":7,"required":false,"title_format":"heading","default":"","description_enable":false,"description":"","placeholder_enable":false,"placeholder":"","display":"select","restrictions_type":"any_text","adjust_price":false,"price":"","price_type":"quantity_based","restrictions":false,"min":"0","max":"0","options":[]},{"name":"Detalles de acceso (opcional)","type":"heading","position":8,"required":false,"title_format":"heading","default":"","description_enable":true,"description":"Puede optar por crear un usuario administrador con nuestro correo electr\u00f3nico soporte @ wpcarrental.com","placeholder_enable":false,"placeholder":"","display":"select","restrictions_type":"any_text","adjust_price":false,"price":"","price_type":"flat_fee","restrictions":false,"min":"0","max":"0","options":[]},{"name":"Usuario","type":"custom_text","position":9,"required":false,"title_format":"heading","default":"","description_enable":false,"description":"","placeholder_enable":false,"placeholder":"","display":"select","restrictions_type":"any_text","adjust_price":false,"price":"","price_type":"quantity_based","restrictions":false,"min":"0","max":"0","options":[]},{"name":"Contrase\u00f1a","type":"custom_text","position":10,"required":false,"title_format":"heading","default":"","description_enable":false,"description":"","placeholder_enable":false,"placeholder":"","display":"select","restrictions_type":"any_text","adjust_price":false,"price":"","price_type":"quantity_based","restrictions":false,"min":"0","max":"0","options":[]}],"yoast_head":"<!-- This site is optimized with the Yoast SEO plugin v27.4 - https:\/\/yoast.com\/product\/yoast-seo-wordpress\/ -->\n<title>Instalaci\u00f3n del tema + importaci\u00f3n de contenido de demostraci\u00f3n + asistente de esquema de color - WP Car Rental<\/title>\n<meta name=\"robots\" content=\"index, follow, max-snippet:-1, max-image-preview:large, max-video-preview:-1\" \/>\n<link rel=\"canonical\" href=\"https:\/\/www.wpcarrental.com\/es\/producto\/instalacion\/\" \/>\n<meta property=\"og:locale\" content=\"es_ES\" \/>\n<meta property=\"og:type\" content=\"article\" \/>\n<meta property=\"og:title\" content=\"Instalaci\u00f3n del tema + importaci\u00f3n de contenido de demostraci\u00f3n + asistente de esquema de color - WP Car Rental\" \/>\n<meta property=\"og:description\" content=\"NOTAS Puede optar por completar los detalles de acceso a su instalaci\u00f3n o crear una cuenta de administrador de WordPress con el correo electr\u00f3nico support@wpcarrental.com. Tambi\u00e9n puede optar por agregar su logotipo y los colores del sitio en el proceso de compra, o enviarlos por correo electr\u00f3nico despu\u00e9s de la compra a support@wpcarrental.com Si la [&hellip;]\" \/>\n<meta property=\"og:url\" content=\"https:\/\/www.wpcarrental.com\/es\/producto\/instalacion\/\" \/>\n<meta property=\"og:site_name\" content=\"WP Car Rental\" \/>\n<meta property=\"article:modified_time\" content=\"2024-02-07T20:54:47+00:00\" \/>\n<meta property=\"og:image\" content=\"https:\/\/www.wpcarrental.com\/wp-content\/uploads\/2018\/07\/installation.jpg\" \/>\n\t<meta property=\"og:image:width\" content=\"590\" \/>\n\t<meta property=\"og:image:height\" content=\"300\" \/>\n\t<meta property=\"og:image:type\" content=\"image\/jpeg\" \/>\n<meta name=\"twitter:card\" content=\"summary_large_image\" \/>\n<meta name=\"twitter:label1\" content=\"Tiempo de lectura\" \/>\n\t<meta name=\"twitter:data1\" content=\"1 minuto\" \/>\n<script type=\"application\/ld+json\" class=\"yoast-schema-graph\">{\"@context\":\"https:\\\/\\\/schema.org\",\"@graph\":[{\"@type\":\"WebPage\",\"@id\":\"https:\\\/\\\/www.wpcarrental.com\\\/es\\\/producto\\\/instalacion\\\/\",\"url\":\"https:\\\/\\\/www.wpcarrental.com\\\/es\\\/producto\\\/instalacion\\\/\",\"name\":\"Instalaci\u00f3n del tema + importaci\u00f3n de contenido de demostraci\u00f3n + asistente de esquema de color - WP Car Rental\",\"isPartOf\":{\"@id\":\"https:\\\/\\\/www.wpcarrental.com\\\/es\\\/#website\"},\"primaryImageOfPage\":{\"@id\":\"https:\\\/\\\/www.wpcarrental.com\\\/es\\\/producto\\\/instalacion\\\/#primaryimage\"},\"image\":{\"@id\":\"https:\\\/\\\/www.wpcarrental.com\\\/es\\\/producto\\\/instalacion\\\/#primaryimage\"},\"thumbnailUrl\":\"https:\\\/\\\/www.wpcarrental.com\\\/wp-content\\\/uploads\\\/2018\\\/07\\\/installation.jpg\",\"datePublished\":\"2018-06-23T07:26:10+00:00\",\"dateModified\":\"2024-02-07T20:54:47+00:00\",\"breadcrumb\":{\"@id\":\"https:\\\/\\\/www.wpcarrental.com\\\/es\\\/producto\\\/instalacion\\\/#breadcrumb\"},\"inLanguage\":\"es\",\"potentialAction\":[{\"@type\":\"ReadAction\",\"target\":[\"https:\\\/\\\/www.wpcarrental.com\\\/es\\\/producto\\\/instalacion\\\/\"]}]},{\"@type\":\"ImageObject\",\"inLanguage\":\"es\",\"@id\":\"https:\\\/\\\/www.wpcarrental.com\\\/es\\\/producto\\\/instalacion\\\/#primaryimage\",\"url\":\"https:\\\/\\\/www.wpcarrental.com\\\/wp-content\\\/uploads\\\/2018\\\/07\\\/installation.jpg\",\"contentUrl\":\"https:\\\/\\\/www.wpcarrental.com\\\/wp-content\\\/uploads\\\/2018\\\/07\\\/installation.jpg\",\"width\":590,\"height\":300,\"caption\":\"Instalaci\u00f3n\"},{\"@type\":\"BreadcrumbList\",\"@id\":\"https:\\\/\\\/www.wpcarrental.com\\\/es\\\/producto\\\/instalacion\\\/#breadcrumb\",\"itemListElement\":[{\"@type\":\"ListItem\",\"position\":1,\"name\":\"Home\",\"item\":\"https:\\\/\\\/www.wpcarrental.com\\\/es\\\/\"},{\"@type\":\"ListItem\",\"position\":2,\"name\":\"Tienda\",\"item\":\"https:\\\/\\\/www.wpcarrental.com\\\/es\\\/tienda\\\/\"},{\"@type\":\"ListItem\",\"position\":3,\"name\":\"Instalaci\u00f3n del tema + importaci\u00f3n de contenido de demostraci\u00f3n + asistente de esquema de color\"}]},{\"@type\":\"WebSite\",\"@id\":\"https:\\\/\\\/www.wpcarrental.com\\\/es\\\/#website\",\"url\":\"https:\\\/\\\/www.wpcarrental.com\\\/es\\\/\",\"name\":\"WP Car Rental\",\"description\":\"Car Rental Wordpress Theme\",\"potentialAction\":[{\"@type\":\"SearchAction\",\"target\":{\"@type\":\"EntryPoint\",\"urlTemplate\":\"https:\\\/\\\/www.wpcarrental.com\\\/es\\\/?s={search_term_string}\"},\"query-input\":{\"@type\":\"PropertyValueSpecification\",\"valueRequired\":true,\"valueName\":\"search_term_string\"}}],\"inLanguage\":\"es\"}]}<\/script>\n<!-- \/ Yoast SEO plugin. -->","yoast_head_json":{"title":"Instalaci\u00f3n del tema + importaci\u00f3n de contenido de demostraci\u00f3n + asistente de esquema de color - WP Car Rental","robots":{"index":"index","follow":"follow","max-snippet":"max-snippet:-1","max-image-preview":"max-image-preview:large","max-video-preview":"max-video-preview:-1"},"canonical":"https:\/\/www.wpcarrental.com\/es\/producto\/instalacion\/","og_locale":"es_ES","og_type":"article","og_title":"Instalaci\u00f3n del tema + importaci\u00f3n de contenido de demostraci\u00f3n + asistente de esquema de color - WP Car Rental","og_description":"NOTAS Puede optar por completar los detalles de acceso a su instalaci\u00f3n o crear una cuenta de administrador de WordPress con el correo electr\u00f3nico support@wpcarrental.com. Tambi\u00e9n puede optar por agregar su logotipo y los colores del sitio en el proceso de compra, o enviarlos por correo electr\u00f3nico despu\u00e9s de la compra a support@wpcarrental.com Si la [&hellip;]","og_url":"https:\/\/www.wpcarrental.com\/es\/producto\/instalacion\/","og_site_name":"WP Car Rental","article_modified_time":"2024-02-07T20:54:47+00:00","og_image":[{"width":590,"height":300,"url":"https:\/\/www.wpcarrental.com\/wp-content\/uploads\/2018\/07\/installation.jpg","type":"image\/jpeg"}],"twitter_card":"summary_large_image","twitter_misc":{"Tiempo de lectura":"1 minuto"},"schema":{"@context":"https:\/\/schema.org","@graph":[{"@type":"WebPage","@id":"https:\/\/www.wpcarrental.com\/es\/producto\/instalacion\/","url":"https:\/\/www.wpcarrental.com\/es\/producto\/instalacion\/","name":"Instalaci\u00f3n del tema + importaci\u00f3n de contenido de demostraci\u00f3n + asistente de esquema de color - WP Car Rental","isPartOf":{"@id":"https:\/\/www.wpcarrental.com\/es\/#website"},"primaryImageOfPage":{"@id":"https:\/\/www.wpcarrental.com\/es\/producto\/instalacion\/#primaryimage"},"image":{"@id":"https:\/\/www.wpcarrental.com\/es\/producto\/instalacion\/#primaryimage"},"thumbnailUrl":"https:\/\/www.wpcarrental.com\/wp-content\/uploads\/2018\/07\/installation.jpg","datePublished":"2018-06-23T07:26:10+00:00","dateModified":"2024-02-07T20:54:47+00:00","breadcrumb":{"@id":"https:\/\/www.wpcarrental.com\/es\/producto\/instalacion\/#breadcrumb"},"inLanguage":"es","potentialAction":[{"@type":"ReadAction","target":["https:\/\/www.wpcarrental.com\/es\/producto\/instalacion\/"]}]},{"@type":"ImageObject","inLanguage":"es","@id":"https:\/\/www.wpcarrental.com\/es\/producto\/instalacion\/#primaryimage","url":"https:\/\/www.wpcarrental.com\/wp-content\/uploads\/2018\/07\/installation.jpg","contentUrl":"https:\/\/www.wpcarrental.com\/wp-content\/uploads\/2018\/07\/installation.jpg","width":590,"height":300,"caption":"Instalaci\u00f3n"},{"@type":"BreadcrumbList","@id":"https:\/\/www.wpcarrental.com\/es\/producto\/instalacion\/#breadcrumb","itemListElement":[{"@type":"ListItem","position":1,"name":"Home","item":"https:\/\/www.wpcarrental.com\/es\/"},{"@type":"ListItem","position":2,"name":"Tienda","item":"https:\/\/www.wpcarrental.com\/es\/tienda\/"},{"@type":"ListItem","position":3,"name":"Instalaci\u00f3n del tema + importaci\u00f3n de contenido de demostraci\u00f3n + asistente de esquema de color"}]},{"@type":"WebSite","@id":"https:\/\/www.wpcarrental.com\/es\/#website","url":"https:\/\/www.wpcarrental.com\/es\/","name":"WP Car Rental","description":"Car Rental Wordpress Theme","potentialAction":[{"@type":"SearchAction","target":{"@type":"EntryPoint","urlTemplate":"https:\/\/www.wpcarrental.com\/es\/?s={search_term_string}"},"query-input":{"@type":"PropertyValueSpecification","valueRequired":true,"valueName":"search_term_string"}}],"inLanguage":"es"}]}},"_links":{"self":[{"href":"https:\/\/www.wpcarrental.com\/es\/wp-json\/wp\/v2\/product\/3583","targetHints":{"allow":["GET"]}}],"collection":[{"href":"https:\/\/www.wpcarrental.com\/es\/wp-json\/wp\/v2\/product"}],"about":[{"href":"https:\/\/www.wpcarrental.com\/es\/wp-json\/wp\/v2\/types\/product"}],"replies":[{"embeddable":true,"href":"https:\/\/www.wpcarrental.com\/es\/wp-json\/wp\/v2\/comments?post=3583"}],"wp:featuredmedia":[{"embeddable":true,"href":"https:\/\/www.wpcarrental.com\/es\/wp-json\/wp\/v2\/media\/3279"}],"wp:attachment":[{"href":"https:\/\/www.wpcarrental.com\/es\/wp-json\/wp\/v2\/media?parent=3583"}],"wp:term":[{"taxonomy":"product_brand","embeddable":true,"href":"https:\/\/www.wpcarrental.com\/es\/wp-json\/wp\/v2\/product_brand?post=3583"},{"taxonomy":"product_cat","embeddable":true,"href":"https:\/\/www.wpcarrental.com\/es\/wp-json\/wp\/v2\/product_cat?post=3583"},{"taxonomy":"product_tag","embeddable":true,"href":"https:\/\/www.wpcarrental.com\/es\/wp-json\/wp\/v2\/product_tag?post=3583"}],"curies":[{"name":"wp","href":"https:\/\/api.w.org\/{rel}","templated":true}]}}